{"id":72,"date":"2015-02-24T21:48:01","date_gmt":"2015-02-24T20:48:01","guid":{"rendered":"http:\/\/maxbachmeier.de\/snazzy\/?page_id=72"},"modified":"2019-04-09T15:08:13","modified_gmt":"2019-04-09T13:08:13","slug":"about","status":"publish","type":"page","link":"http:\/\/maxbachmeier.de\/?page_id=72","title":{"rendered":"About"},"content":{"rendered":"<p><a href=\"http:\/\/maxbachmeier.de\/snazzy\/wp-content\/uploads\/2015\/02\/max_bachmeier.png\"><img loading=\"lazy\" class=\"alignnone size-large wp-image-218\" src=\"http:\/\/maxbachmeier.de\/snazzy\/wp-content\/uploads\/2015\/02\/max_bachmeier-1024x682.png\" alt=\"max_bachmeier\" width=\"1024\" height=\"682\" srcset=\"http:\/\/maxbachmeier.de\/snazzy\/wp-content\/uploads\/2015\/02\/max_bachmeier-1024x682.png 1024w, http:\/\/maxbachmeier.de\/snazzy\/wp-content\/uploads\/2015\/02\/max_bachmeier-300x200.png 300w, http:\/\/maxbachmeier.de\/snazzy\/wp-content\/uploads\/2015\/02\/max_bachmeier-140x93.png 140w, http:\/\/maxbachmeier.de\/snazzy\/wp-content\/uploads\/2015\/02\/max_bachmeier-800x533.png 800w, http:\/\/maxbachmeier.de\/snazzy\/wp-content\/uploads\/2015\/02\/max_bachmeier-250x166.png 250w, http:\/\/maxbachmeier.de\/snazzy\/wp-content\/uploads\/2015\/02\/max_bachmeier.png 1026w\" sizes=\"(max-width: 1024px) 100vw, 1024px\" \/><\/a><\/p>\n<p>Max Bachmeier arbeitet als freiberuflicher Illustrator in M\u00fcnchen und Heidelberg. Seit 2011 erstellt er Illustrationen f\u00fcr Agenturen, Verlage und Unternehmen. Dazu geh\u00f6ren Comics, Kinderbuchillustrationen, Scribbles, Storyboards und Characterdesigns. Auf Veranstaltungen und Workshops arbeitet er als Graphic Recorder. Studiert hat Max Bachmeier Kommunikationsdesign, abgeschlossen mit Diplom 2006. Danach war er f\u00fcr einige Jahre als Junior AD in der Werbung. Seine Diplomarbeit<span style=\"color: #ff9900;\"> <a style=\"color: #ff9900;\" href=\"http:\/\/kunstanstifter.de\/buecher\/maerchen-extravaganza\/\" target=\"_blank\" rel=\"noopener noreferrer\">&#8222;Max Bachmeiers M\u00e4rchenextravaganza&#8220;<\/a><\/span>, ein illustriertes M\u00e4rchenbuch, ist beim Kunstanstifter-Verlag erschienen.<\/p>\n<p>Nach Feierabend zeichnet er zu Musik, das sieht dann <a style=\"color: #ff9900;\" href=\"http:\/\/www.hotmuzak.com\" target=\"_blank\" rel=\"noopener noreferrer\">so<\/a> aus.<\/p>\n<p>F\u00fcr diese Kunden hat Max Bachmeier bereits gearbeitet:<br \/>\nSIEMENS AG | OSRAM GmbH | BMW AG | Dallmayr | Campus-Verlag | NRV-Rechtsschutz | 3Bears | ROI Management Consulting AG | h&amp;z Unternehmensberatung AG | Kunstanstifter-Verlag | Rowohlt Verlag | Bayerische Staatsgem\u00e4ldesammlungen | Kompetenzzentrum Kultur- und Kreativwirtschaft des Bundes | Weissman &amp; Cie. GmbH &amp; Co. KG | Danone | Deutsche Bahn |<\/p>\n","protected":false},"excerpt":{"rendered":"<\/p>\n<p>Max Bachmeier arbeitet als freiberuflicher Illustrator in M\u00fcnchen und Heidelberg. Seit 2011 erstellt er Illustrationen f\u00fcr Agenturen, Verlage und Unternehmen. Dazu geh\u00f6ren Comics, Kinderbuchillustrationen, Scribbles, Storyboards und Characterdesigns. Auf Veranstaltungen und Workshops arbeitet er als Graphic Recorder. Studiert hat Max Bachmeier Kommunikationsdesign, abgeschlossen mit Diplom 2006. Danach war er f\u00fcr einige Jahre als Junior AD in der Werbung. Seine Diplomarbeit &#8222;Max Bachmeiers M\u00e4rchenextravaganza&#8220;, ein illustriertes M\u00e4rchenbuch, ist beim Kunstanstifter-Verlag erschienen.<\/p>\n<p>Nach Feierabend zeichnet er zu Musik, das sieht dann so aus.<\/p>\n<p>F\u00fcr diese Kunden hat Max Bachmeier bereits gearbeitet:<br \/>\nSIEMENS AG | OSRAM GmbH | BMW AG | Dallmayr | Campus-Verlag | NRV-Rechtsschutz | 3Bears | ROI Management Consulting AG | h&amp;z Unternehmensberatung AG | Kunstanstifter-Verlag | Rowohlt Verlag | Bayerische Staatsgem\u00e4ldesammlungen | Kompetenzzentrum Kultur- und Kreativwirtschaft des Bundes | Weissman &amp; Cie. GmbH &amp; Co. KG | Danone | Deutsche Bahn |<\/p>\n","protected":false},"author":1,"featured_media":0,"parent":0,"menu_order":0,"comment_status":"open","ping_status":"open","template":"","meta":[],"_links":{"self":[{"href":"http:\/\/maxbachmeier.de\/index.php?rest_route=\/wp\/v2\/pages\/72"}],"collection":[{"href":"http:\/\/maxbachmeier.de\/index.php?rest_route=\/wp\/v2\/pages"}],"about":[{"href":"http:\/\/maxbachmeier.de\/index.php?rest_route=\/wp\/v2\/types\/page"}],"author":[{"embeddable":true,"href":"http:\/\/maxbachmeier.de\/index.php?rest_route=\/wp\/v2\/users\/1"}],"replies":[{"embeddable":true,"href":"http:\/\/maxbachmeier.de\/index.php?rest_route=%2Fwp%2Fv2%2Fcomments&post=72"}],"version-history":[{"count":20,"href":"http:\/\/maxbachmeier.de\/index.php?rest_route=\/wp\/v2\/pages\/72\/revisions"}],"predecessor-version":[{"id":554,"href":"http:\/\/maxbachmeier.de\/index.php?rest_route=\/wp\/v2\/pages\/72\/revisions\/554"}],"wp:attachment":[{"href":"http:\/\/maxbachmeier.de\/index.php?rest_route=%2Fwp%2Fv2%2Fmedia&parent=72"}],"curies":[{"name":"wp","href":"https:\/\/api.w.org\/{rel}","templated":true}]}}